{"id":162,"date":"2019-03-13T06:41:09","date_gmt":"2019-03-13T05:41:09","guid":{"rendered":"http:\/\/localhost\/buildbench\/?page_id=162"},"modified":"2024-06-11T13:21:06","modified_gmt":"2024-06-11T11:21:06","slug":"presentation-de-lentreprise","status":"publish","type":"page","link":"https:\/\/www.servicesacrobourgognefranchecomte.fr\/?page_id=162","title":{"rendered":"Pr\u00e9sentation"},"content":{"rendered":"\t\t<div data-elementor-type=\"wp-post\" data-elementor-id=\"162\" class=\"elementor elementor-162\">\n\t\t\t\t\t\t<section class=\"elementor-section elementor-top-section elementor-element elementor-element-d89861c elementor-section-boxed elementor-section-height-default elementor-section-height-default\" data-id=\"d89861c\" data-element_type=\"section\">\n\t\t\t\t\t\t<div class=\"elementor-container elementor-column-gap-default\">\n\t\t\t\t\t<div class=\"elementor-column elementor-col-50 elementor-top-column elementor-element elementor-element-d6ac4d7\" data-id=\"d6ac4d7\" data-element_type=\"column\">\n\t\t\t<div class=\"elementor-widget-wrap elementor-element-populated\">\n\t\t\t\t\t\t<div class=\"elementor-element elementor-element-337b655 elementor-widget elementor-widget-buildbench-title\" data-id=\"337b655\" data-element_type=\"widget\" data-widget_type=\"buildbench-title.default\">\n\t\t\t\t<div class=\"elementor-widget-container\">\n\t\t\t         <div class=\"section-heading-content\">\n            <h2 class=\"section-title\">\n                <span class=\"sub-title\">Services Acro Bourgogne Franche-Comt\u00e9 c&#039;est qui ?<\/span>\n                 L\u2019entreprise de travaux d\u2019acc\u00e8s difficile avec laquelle vous devez travailler.                                  <span class=\"section-bar left\"><\/span>\n                            <\/h2>\n         <\/div><!-- Section title -->\t\t\n\n     \n    \t\t<\/div>\n\t\t\t\t<\/div>\n\t\t\t\t<div class=\"elementor-element elementor-element-8c94a76 elementor-widget elementor-widget-heading\" data-id=\"8c94a76\" data-element_type=\"widget\" data-widget_type=\"heading.default\">\n\t\t\t\t<div class=\"elementor-widget-container\">\n\t\t\t<h3 class=\"elementor-heading-title elementor-size-default\">Exp\u00e9rience forte dans divers domaines depuis plusieurs ann\u00e9es, nos clients r\u00e9f\u00e9rences font de nous une des entreprises leaders dans le domaines des travaux inaccessibles, qu'ils soient sur cordes, nacelles ou \u00e9chafaudages.<\/h3>\t\t<\/div>\n\t\t\t\t<\/div>\n\t\t\t\t<div class=\"elementor-element elementor-element-ee997aa elementor-widget elementor-widget-text-editor\" data-id=\"ee997aa\" data-element_type=\"widget\" data-widget_type=\"text-editor.default\">\n\t\t\t\t<div class=\"elementor-widget-container\">\n\t\t\t\t\t\t\t<p>Prenez contact avec un de nos sp\u00e9cialistes et profitez d&rsquo;un devis et diagnostic gratuit de vos installations<\/p>\t\t\t\t\t\t<\/div>\n\t\t\t\t<\/div>\n\t\t\t\t<section class=\"elementor-section elementor-inner-section elementor-element elementor-element-5ce0e46 elementor-section-boxed elementor-section-height-default elementor-section-height-default\" data-id=\"5ce0e46\" data-element_type=\"section\">\n\t\t\t\t\t\t<div class=\"elementor-container elementor-column-gap-default\">\n\t\t\t\t\t<div class=\"elementor-column elementor-col-50 elementor-inner-column elementor-element elementor-element-b87b157\" data-id=\"b87b157\" data-element_type=\"column\">\n\t\t\t<div class=\"elementor-widget-wrap elementor-element-populated\">\n\t\t\t\t\t\t<div class=\"elementor-element elementor-element-fd1e536 elementor-align-left elementor-widget elementor-widget-button\" data-id=\"fd1e536\" data-element_type=\"widget\" data-widget_type=\"button.default\">\n\t\t\t\t<div class=\"elementor-widget-container\">\n\t\t\t\t\t<div class=\"elementor-button-wrapper\">\n\t\t\t<a class=\"elementor-button elementor-button-link elementor-size-md\" href=\"https:\/\/www.servicesacrobourgognefranchecomte.fr\/?page_id=179\">\n\t\t\t\t\t\t<span class=\"elementor-button-content-wrapper\">\n\t\t\t\t\t\t<span class=\"elementor-button-icon\">\n\t\t\t\t<i aria-hidden=\"true\" class=\"fas fa-arrow-right\"><\/i>\t\t\t<\/span>\n\t\t\t\t\t\t\t\t\t<span class=\"elementor-button-text\">Nos services<\/span>\n\t\t\t\t\t<\/span>\n\t\t\t\t\t<\/a>\n\t\t<\/div>\n\t\t\t\t<\/div>\n\t\t\t\t<\/div>\n\t\t\t\t\t<\/div>\n\t\t<\/div>\n\t\t\t\t<div class=\"elementor-column elementor-col-50 elementor-inner-column elementor-element elementor-element-a281988\" data-id=\"a281988\" data-element_type=\"column\">\n\t\t\t<div class=\"elementor-widget-wrap elementor-element-populated\">\n\t\t\t\t\t\t<div class=\"elementor-element elementor-element-0dec521 elementor-align-left elementor-widget elementor-widget-button\" data-id=\"0dec521\" data-element_type=\"widget\" data-widget_type=\"button.default\">\n\t\t\t\t<div class=\"elementor-widget-container\">\n\t\t\t\t\t<div class=\"elementor-button-wrapper\">\n\t\t\t<a class=\"elementor-button elementor-button-link elementor-size-md\" href=\"https:\/\/www.servicesacrobourgognefranchecomte.fr\/?page_id=209\">\n\t\t\t\t\t\t<span class=\"elementor-button-content-wrapper\">\n\t\t\t\t\t\t<span class=\"elementor-button-icon\">\n\t\t\t\t<i aria-hidden=\"true\" class=\"fas fa-mail-bulk\"><\/i>\t\t\t<\/span>\n\t\t\t\t\t\t\t\t\t<span class=\"elementor-button-text\">Contactez nous<\/span>\n\t\t\t\t\t<\/span>\n\t\t\t\t\t<\/a>\n\t\t<\/div>\n\t\t\t\t<\/div>\n\t\t\t\t<\/div>\n\t\t\t\t\t<\/div>\n\t\t<\/div>\n\t\t\t\t\t<\/div>\n\t\t<\/section>\n\t\t\t\t\t<\/div>\n\t\t<\/div>\n\t\t\t\t<div class=\"elementor-column elementor-col-50 elementor-top-column elementor-element elementor-element-efed08e\" data-id=\"efed08e\" data-element_type=\"column\">\n\t\t\t<div class=\"elementor-widget-wrap elementor-element-populated\">\n\t\t\t\t\t\t<div class=\"elementor-element elementor-element-192cdda elementor-position-left elementor-vertical-align-top elementor-widget elementor-widget-image-box\" data-id=\"192cdda\" data-element_type=\"widget\" data-widget_type=\"image-box.default\">\n\t\t\t\t<div class=\"elementor-widget-container\">\n\t\t\t<div class=\"elementor-image-box-wrapper\"><figure class=\"elementor-image-box-img\"><img decoding=\"async\" width=\"58\" height=\"58\" src=\"https:\/\/www.servicesacrobourgognefranchecomte.fr\/wp-content\/uploads\/2019\/03\/features_icon1.png\" class=\"attachment-full size-full wp-image-895\" alt=\"\" \/><\/figure><div class=\"elementor-image-box-content\"><h3 class=\"elementor-image-box-title\">Intervention dans toute la r\u00e9gion<\/h3><p class=\"elementor-image-box-description\">Nous intervenons dans toute la r\u00e9gion Bourgogne Franche Comt\u00e9, couvrant les villes de Dijon, Besan\u00e7on, Auxerre, Belfort, Chalon-sur-Sa\u00f4ne, Nevers et bien d'autres. Notre \u00e9quipe exp\u00e9riment\u00e9e et comp\u00e9tente est pr\u00eate \u00e0 r\u00e9pondre \u00e0 vos besoins o\u00f9 que vous soyez, garantissant rapidit\u00e9, efficacit\u00e9 et satisfaction. Faites confiance \u00e0 notre expertise pour des interventions fiables et professionnelles dans toute la r\u00e9gion.<\/p><\/div><\/div>\t\t<\/div>\n\t\t\t\t<\/div>\n\t\t\t\t<div class=\"elementor-element elementor-element-73d82c5 elementor-position-left elementor-vertical-align-top elementor-widget elementor-widget-image-box\" data-id=\"73d82c5\" data-element_type=\"widget\" data-widget_type=\"image-box.default\">\n\t\t\t\t<div class=\"elementor-widget-container\">\n\t\t\t<div class=\"elementor-image-box-wrapper\"><figure class=\"elementor-image-box-img\"><img decoding=\"async\" width=\"56\" height=\"57\" src=\"https:\/\/www.servicesacrobourgognefranchecomte.fr\/wp-content\/uploads\/2019\/03\/features_icon3.png\" class=\"attachment-full size-full wp-image-902\" alt=\"\" \/><\/figure><div class=\"elementor-image-box-content\"><h3 class=\"elementor-image-box-title\">Intervention sur tous types de structures<\/h3><p class=\"elementor-image-box-description\">Nous intervenons sur tous types de structures en Bourgogne Franche Comt\u00e9, y compris b\u00e2timents anciens, monuments historiques, sites industriels et b\u00e2timents architecturaux. <\/p><\/div><\/div>\t\t<\/div>\n\t\t\t\t<\/div>\n\t\t\t\t<div class=\"elementor-element elementor-element-caa50c1 elementor-position-left elementor-vertical-align-top elementor-widget elementor-widget-image-box\" data-id=\"caa50c1\" data-element_type=\"widget\" data-widget_type=\"image-box.default\">\n\t\t\t\t<div class=\"elementor-widget-container\">\n\t\t\t<div class=\"elementor-image-box-wrapper\"><figure class=\"elementor-image-box-img\"><img decoding=\"async\" width=\"43\" height=\"43\" src=\"https:\/\/www.servicesacrobourgognefranchecomte.fr\/wp-content\/uploads\/2019\/03\/best_icon4.png\" class=\"attachment-full size-full wp-image-476\" alt=\"pictogramme-comp\u00e9tences\" \/><\/figure><div class=\"elementor-image-box-content\"><h3 class=\"elementor-image-box-title\">R\u00e9pondre aux attentes de nos clients<\/h3><p class=\"elementor-image-box-description\">Nous rendons vos installations conformes et garantissons la s\u00e9curit\u00e9 des \u00e9quipes d'intervention et des installations. Avec r\u00e9activit\u00e9 et professionnalisme, nous r\u00e9pondons \u00e0 toutes vos attentes.<\/p><\/div><\/div>\t\t<\/div>\n\t\t\t\t<\/div>\n\t\t\t\t\t<\/div>\n\t\t<\/div>\n\t\t\t\t\t<\/div>\n\t\t<\/section>\n\t\t\t\t<\/div>\n\t\t","protected":false},"excerpt":{"rendered":"<p>Services Acro Bourgogne Franche-Comt\u00e9 c&#039;est qui ? L\u2019entreprise de travaux d\u2019acc\u00e8s difficile avec laquelle vous devez travailler. Exp\u00e9rience forte dans divers domaines depuis plusieurs ann\u00e9es, nos clients r\u00e9f\u00e9rences font de nous une des entreprises leaders dans le domaines des travaux inaccessibles, qu&rsquo;ils soient sur cordes, nacelles ou \u00e9chafaudages. Prenez contact avec un de nos sp\u00e9cialistes [&hellip;]<\/p>\n","protected":false},"author":2,"featured_media":3439,"parent":0,"menu_order":0,"comment_status":"closed","ping_status":"closed","template":"template\/full-width-template.php","meta":{"_seopress_robots_primary_cat":"","_seopress_titles_title":"Services Acro Bourgogne Franche-Comt\u00e9 entreprise de travaux en acc\u00e8s difficiles","_seopress_titles_desc":"Services Acro Bourgogne Franche-Comt\u00e9 entreprise de travaux en acc\u00e8s difficiles, intervention dans toute la France, intervention sur tous types de structures, nous r\u00e9pondons aux attentes des clients avec r\u00e9activit\u00e9 et professionnalisme.","_seopress_robots_index":"","footnotes":""},"class_list":["post-162","page","type-page","status-publish","has-post-thumbnail","hentry"],"_links":{"self":[{"href":"https:\/\/www.servicesacrobourgognefranchecomte.fr\/index.php?rest_route=\/wp\/v2\/pages\/162"}],"collection":[{"href":"https:\/\/www.servicesacrobourgognefranchecomte.fr\/index.php?rest_route=\/wp\/v2\/pages"}],"about":[{"href":"https:\/\/www.servicesacrobourgognefranchecomte.fr\/index.php?rest_route=\/wp\/v2\/types\/page"}],"author":[{"embeddable":true,"href":"https:\/\/www.servicesacrobourgognefranchecomte.fr\/index.php?rest_route=\/wp\/v2\/users\/2"}],"replies":[{"embeddable":true,"href":"https:\/\/www.servicesacrobourgognefranchecomte.fr\/index.php?rest_route=%2Fwp%2Fv2%2Fcomments&post=162"}],"version-history":[{"count":33,"href":"https:\/\/www.servicesacrobourgognefranchecomte.fr\/index.php?rest_route=\/wp\/v2\/pages\/162\/revisions"}],"predecessor-version":[{"id":3726,"href":"https:\/\/www.servicesacrobourgognefranchecomte.fr\/index.php?rest_route=\/wp\/v2\/pages\/162\/revisions\/3726"}],"wp:featuredmedia":[{"embeddable":true,"href":"https:\/\/www.servicesacrobourgognefranchecomte.fr\/index.php?rest_route=\/wp\/v2\/media\/3439"}],"wp:attachment":[{"href":"https:\/\/www.servicesacrobourgognefranchecomte.fr\/index.php?rest_route=%2Fwp%2Fv2%2Fmedia&parent=162"}],"curies":[{"name":"wp","href":"https:\/\/api.w.org\/{rel}","templated":true}]}}