{"id":179,"date":"2019-03-13T06:47:12","date_gmt":"2019-03-13T05:47:12","guid":{"rendered":"http:\/\/localhost\/buildbench\/?page_id=179"},"modified":"2020-06-09T10:46:06","modified_gmt":"2020-06-09T08:46:06","slug":"nos-services","status":"publish","type":"page","link":"https:\/\/www.servicesacrobourgognefranchecomte.fr\/?page_id=179","title":{"rendered":"Nos Services"},"content":{"rendered":"\t\t<div data-elementor-type=\"wp-post\" data-elementor-id=\"179\" class=\"elementor elementor-179\">\n\t\t\t\t\t\t<section class=\"elementor-section elementor-top-section elementor-element elementor-element-64cb228 elementor-section-boxed elementor-section-height-default elementor-section-height-default\" data-id=\"64cb228\" data-element_type=\"section\">\n\t\t\t\t\t\t<div class=\"elementor-container elementor-column-gap-default\">\n\t\t\t\t\t<div class=\"elementor-column elementor-col-100 elementor-top-column elementor-element elementor-element-f3c2ee9\" data-id=\"f3c2ee9\" data-element_type=\"column\">\n\t\t\t<div class=\"elementor-widget-wrap elementor-element-populated\">\n\t\t\t\t\t\t<div class=\"elementor-element elementor-element-6cb1a7f elementor-widget elementor-widget-buildbench-title\" data-id=\"6cb1a7f\" data-element_type=\"widget\" data-widget_type=\"buildbench-title.default\">\n\t\t\t\t<div class=\"elementor-widget-container\">\n\t\t\t         <div class=\"section-heading-content\">\n            <h2 class=\"section-title\">\n                <span class=\"sub-title\"><\/span>\n                 Nos Services                                  <span class=\"section-bar center\"><\/span>\n                            <\/h2>\n         <\/div><!-- Section title -->\t\t\n\n     \n    \t\t<\/div>\n\t\t\t\t<\/div>\n\t\t\t\t<section class=\"elementor-section elementor-inner-section elementor-element elementor-element-3b3aeb4 elementor-section-boxed elementor-section-height-default elementor-section-height-default\" data-id=\"3b3aeb4\" data-element_type=\"section\">\n\t\t\t\t\t\t<div class=\"elementor-container elementor-column-gap-default\">\n\t\t\t\t\t<div class=\"elementor-column elementor-col-33 elementor-inner-column elementor-element elementor-element-22786ae\" data-id=\"22786ae\" data-element_type=\"column\">\n\t\t\t<div class=\"elementor-widget-wrap elementor-element-populated\">\n\t\t\t\t\t\t<div class=\"elementor-element elementor-element-1f14aaa elementor-widget elementor-widget-buildbench-service\" data-id=\"1f14aaa\" data-element_type=\"widget\" data-widget_type=\"buildbench-service.default\">\n\t\t\t\t<div class=\"elementor-widget-container\">\n\t\t\t                                       <div class=\"ts-service-classic\">\n                     <div class=\"ts-service-box text-center pb-60\">\n                                                                     <div class=\"ts-service-box-img top\">\n                                                                                                               <img decoding=\"async\" src=\"\/\/www.servicesacrobourgognefranchecomte.fr\/wp-content\/uploads\/2019\/03\/2.png\" >\n                                     \n                                    <\/div>\n                                    <div class=\"ts-service-box-info\">\n                                       <h3 class=\"ts-title\"><a href=\"https:\/\/www.servicesacrobourgognefranchecomte.fr\/?ts-service=services-batiment\">Services B\u00e2timent<\/a><\/h3>\n                                       <p>Forts de plusieurs ann\u00e9es d&#039;exp\u00e9rience dans le b\u00e2timent, notre partenariat avec l\u2019entreprise de construction &quot;Schneider et Fils&quot; prouve nos comp\u00e9tences dans ce domaine.<\/p>\n                                 <\/div>\n                     <\/div><!-- Service 2 end -->\n                  <\/div>\n                            \n            \t\t<\/div>\n\t\t\t\t<\/div>\n\t\t\t\t\t<\/div>\n\t\t<\/div>\n\t\t\t\t<div class=\"elementor-column elementor-col-33 elementor-inner-column elementor-element elementor-element-fbf5ebd\" data-id=\"fbf5ebd\" data-element_type=\"column\">\n\t\t\t<div class=\"elementor-widget-wrap elementor-element-populated\">\n\t\t\t\t\t\t<div class=\"elementor-element elementor-element-549d863 elementor-widget elementor-widget-buildbench-service\" data-id=\"549d863\" data-element_type=\"widget\" data-widget_type=\"buildbench-service.default\">\n\t\t\t\t<div class=\"elementor-widget-container\">\n\t\t\t                                       <div class=\"ts-service-classic\">\n                     <div class=\"ts-service-box text-center pb-60\">\n                                                                     <div class=\"ts-service-box-img top\">\n                                                                                                               <img decoding=\"async\" src=\"\/\/www.servicesacrobourgognefranchecomte.fr\/wp-content\/uploads\/2019\/03\/3.png\" >\n                                     \n                                    <\/div>\n                                    <div class=\"ts-service-box-info\">\n                                       <h3 class=\"ts-title\"><a href=\"https:\/\/www.servicesacrobourgognefranchecomte.fr\/?ts-service=service-securisation\">Services S\u00e9curisation<\/a><\/h3>\n                                       <p>Provisoire ou d\u00e9finitif, le savoir faire de notre \u00e9quipe en mati\u00e8re de travaux de s\u00e9curisation, lui permet d&#039;intervenir sur tous les types de chantiers.\r\n<\/p>\n                                 <\/div>\n                     <\/div><!-- Service 2 end -->\n                  <\/div>\n                            \n            \t\t<\/div>\n\t\t\t\t<\/div>\n\t\t\t\t\t<\/div>\n\t\t<\/div>\n\t\t\t\t<div class=\"elementor-column elementor-col-33 elementor-inner-column elementor-element elementor-element-aafa112\" data-id=\"aafa112\" data-element_type=\"column\">\n\t\t\t<div class=\"elementor-widget-wrap elementor-element-populated\">\n\t\t\t\t\t\t<div class=\"elementor-element elementor-element-a94efb7 elementor-widget elementor-widget-buildbench-service\" data-id=\"a94efb7\" data-element_type=\"widget\" data-widget_type=\"buildbench-service.default\">\n\t\t\t\t<div class=\"elementor-widget-container\">\n\t\t\t                                       <div class=\"ts-service-classic\">\n                     <div class=\"ts-service-box text-center pb-60\">\n                                                                     <div class=\"ts-service-box-img top\">\n                                                                                                               <img decoding=\"async\" src=\"\/\/www.servicesacrobourgognefranchecomte.fr\/wp-content\/uploads\/2019\/03\/4.png\" >\n                                     \n                                    <\/div>\n                                    <div class=\"ts-service-box-info\">\n                                       <h3 class=\"ts-title\"><a href=\"https:\/\/www.servicesacrobourgognefranchecomte.fr\/?ts-service=drone\">Services Drone<\/a><\/h3>\n                                       <p>Afin de r\u00e9pondre \u00e0 de nouvelles demandes et \u00e9galement limiter l\u2019exposition de nos techniciens lors de leurs interventions, Services Acro Alsace vous propose son Service drone.<\/p>\n                                 <\/div>\n                     <\/div><!-- Service 2 end -->\n                  <\/div>\n                            \n            \t\t<\/div>\n\t\t\t\t<\/div>\n\t\t\t\t\t<\/div>\n\t\t<\/div>\n\t\t\t\t\t<\/div>\n\t\t<\/section>\n\t\t\t\t\t<\/div>\n\t\t<\/div>\n\t\t\t\t\t<\/div>\n\t\t<\/section>\n\t\t\t\t<\/div>\n\t\t","protected":false},"excerpt":{"rendered":"<p>Nos Services Services B\u00e2timent Forts de plusieurs ann\u00e9es d&rsquo;exp\u00e9rience dans le b\u00e2timent, notre partenariat avec l\u2019entreprise de construction \u00ab\u00a0Schneider et Fils\u00a0\u00bb prouve nos comp\u00e9tences dans ce domaine. Services S\u00e9curisation Provisoire ou d\u00e9finitif, le savoir faire de notre \u00e9quipe en mati\u00e8re de travaux de s\u00e9curisation, lui permet d&rsquo;intervenir sur tous les types de chantiers. Services Drone [&hellip;]<\/p>\n","protected":false},"author":2,"featured_media":0,"parent":0,"menu_order":0,"comment_status":"closed","ping_status":"closed","template":"template\/full-width-template.php","meta":{"_seopress_robots_primary_cat":"","_seopress_titles_title":"","_seopress_titles_desc":"","_seopress_robots_index":"","footnotes":""},"class_list":["post-179","page","type-page","status-publish","hentry"],"_links":{"self":[{"href":"https:\/\/www.servicesacrobourgognefranchecomte.fr\/index.php?rest_route=\/wp\/v2\/pages\/179"}],"collection":[{"href":"https:\/\/www.servicesacrobourgognefranchecomte.fr\/index.php?rest_route=\/wp\/v2\/pages"}],"about":[{"href":"https:\/\/www.servicesacrobourgognefranchecomte.fr\/index.php?rest_route=\/wp\/v2\/types\/page"}],"author":[{"embeddable":true,"href":"https:\/\/www.servicesacrobourgognefranchecomte.fr\/index.php?rest_route=\/wp\/v2\/users\/2"}],"replies":[{"embeddable":true,"href":"https:\/\/www.servicesacrobourgognefranchecomte.fr\/index.php?rest_route=%2Fwp%2Fv2%2Fcomments&post=179"}],"version-history":[{"count":19,"href":"https:\/\/www.servicesacrobourgognefranchecomte.fr\/index.php?rest_route=\/wp\/v2\/pages\/179\/revisions"}],"predecessor-version":[{"id":3123,"href":"https:\/\/www.servicesacrobourgognefranchecomte.fr\/index.php?rest_route=\/wp\/v2\/pages\/179\/revisions\/3123"}],"wp:attachment":[{"href":"https:\/\/www.servicesacrobourgognefranchecomte.fr\/index.php?rest_route=%2Fwp%2Fv2%2Fmedia&parent=179"}],"curies":[{"name":"wp","href":"https:\/\/api.w.org\/{rel}","templated":true}]}}